{"id":531,"date":"2019-04-04T13:36:09","date_gmt":"2019-04-04T11:36:09","guid":{"rendered":"https:\/\/nowawww.gwsp.edu.pl\/?page_id=531"},"modified":"2019-04-04T13:42:00","modified_gmt":"2019-04-04T11:42:00","slug":"postgraduate-studies","status":"publish","type":"page","link":"https:\/\/www.gwsp.edu.pl\/en\/postgraduate-studies\/","title":{"rendered":"Postgraduate studies"},"content":{"rendered":"","protected":false},"excerpt":{"rendered":"","protected":false},"author":1,"featured_media":0,"parent":0,"menu_order":144,"comment_status":"closed","ping_status":"closed","template":"","meta":{"_acf_changed":false,"footnotes":""},"class_list":["post-531","page","type-page","status-publish","hentry"],"acf":[],"yoast_head":"<!-- This site is optimized with the Yoast SEO plugin v27.3 - https:\/\/yoast.com\/product\/yoast-seo-wordpress\/ -->\n<title>Postgraduate studies - Studia GWSP Chorz\u00f3w<\/title>\n<meta name=\"description\" content=\"Studia podyplomowe\" \/>\n<meta name=\"robots\" content=\"index, follow, max-snippet:-1, max-image-preview:large, max-video-preview:-1\" \/>\n<link rel=\"canonical\" href=\"https:\/\/www.gwsp.edu.pl\/en\/postgraduate-studies\/\" \/>\n<meta property=\"og:locale\" content=\"en_US\" \/>\n<meta property=\"og:type\" content=\"article\" \/>\n<meta property=\"og:title\" content=\"Postgraduate studies - Studia GWSP Chorz\u00f3w\" \/>\n<meta property=\"og:description\" content=\"Studia podyplomowe\" \/>\n<meta property=\"og:url\" content=\"https:\/\/www.gwsp.edu.pl\/en\/postgraduate-studies\/\" \/>\n<meta property=\"og:site_name\" content=\"Studia GWSP Chorz\u00f3w\" \/>\n<meta property=\"article:publisher\" content=\"https:\/\/www.facebook.com\/gwspchorzow\/\" \/>\n<meta property=\"article:modified_time\" content=\"2019-04-04T11:42:00+00:00\" \/>\n<meta name=\"twitter:card\" content=\"summary_large_image\" \/>\n<script type=\"application\/ld+json\" class=\"yoast-schema-graph\">{\"@context\":\"https:\\\/\\\/schema.org\",\"@graph\":[{\"@type\":\"WebPage\",\"@id\":\"https:\\\/\\\/www.gwsp.edu.pl\\\/en\\\/postgraduate-studies\\\/\",\"url\":\"https:\\\/\\\/www.gwsp.edu.pl\\\/en\\\/postgraduate-studies\\\/\",\"name\":\"Postgraduate studies - Studia GWSP Chorz\u00f3w\",\"isPartOf\":{\"@id\":\"https:\\\/\\\/www.gwsp.edu.pl\\\/#website\"},\"datePublished\":\"2019-04-04T11:36:09+00:00\",\"dateModified\":\"2019-04-04T11:42:00+00:00\",\"description\":\"Studia podyplomowe\",\"breadcrumb\":{\"@id\":\"https:\\\/\\\/www.gwsp.edu.pl\\\/en\\\/postgraduate-studies\\\/#breadcrumb\"},\"inLanguage\":\"en-US\",\"potentialAction\":[{\"@type\":\"ReadAction\",\"target\":[\"https:\\\/\\\/www.gwsp.edu.pl\\\/en\\\/postgraduate-studies\\\/\"]}]},{\"@type\":\"BreadcrumbList\",\"@id\":\"https:\\\/\\\/www.gwsp.edu.pl\\\/en\\\/postgraduate-studies\\\/#breadcrumb\",\"itemListElement\":[{\"@type\":\"ListItem\",\"position\":1,\"name\":\"Home\",\"item\":\"https:\\\/\\\/www.gwsp.edu.pl\\\/en\\\/\"},{\"@type\":\"ListItem\",\"position\":2,\"name\":\"Postgraduate studies\"}]},{\"@type\":\"WebSite\",\"@id\":\"https:\\\/\\\/www.gwsp.edu.pl\\\/#website\",\"url\":\"https:\\\/\\\/www.gwsp.edu.pl\\\/\",\"name\":\"Studia GWSP Chorz\u00f3w\",\"description\":\"GWSP Chorz\u00f3w, Katowice, \u015al\u0105sk\",\"publisher\":{\"@id\":\"https:\\\/\\\/www.gwsp.edu.pl\\\/#organization\"},\"potentialAction\":[{\"@type\":\"SearchAction\",\"target\":{\"@type\":\"EntryPoint\",\"urlTemplate\":\"https:\\\/\\\/www.gwsp.edu.pl\\\/?s={search_term_string}\"},\"query-input\":{\"@type\":\"PropertyValueSpecification\",\"valueRequired\":true,\"valueName\":\"search_term_string\"}}],\"inLanguage\":\"en-US\"},{\"@type\":\"Organization\",\"@id\":\"https:\\\/\\\/www.gwsp.edu.pl\\\/#organization\",\"name\":\"G\u00f3rno\u015bl\u0105ska Wy\u017csza Szko\u0142a Przedsi\u0119biorczo\u015bci im. Karola Goduli\",\"url\":\"https:\\\/\\\/www.gwsp.edu.pl\\\/\",\"logo\":{\"@type\":\"ImageObject\",\"inLanguage\":\"en-US\",\"@id\":\"https:\\\/\\\/www.gwsp.edu.pl\\\/#\\\/schema\\\/logo\\\/image\\\/\",\"url\":\"https:\\\/\\\/www.gwsp.edu.pl\\\/wp-content\\\/uploads\\\/2019\\\/03\\\/logo.png\",\"contentUrl\":\"https:\\\/\\\/www.gwsp.edu.pl\\\/wp-content\\\/uploads\\\/2019\\\/03\\\/logo.png\",\"width\":183,\"height\":95,\"caption\":\"G\u00f3rno\u015bl\u0105ska Wy\u017csza Szko\u0142a Przedsi\u0119biorczo\u015bci im. Karola Goduli\"},\"image\":{\"@id\":\"https:\\\/\\\/www.gwsp.edu.pl\\\/#\\\/schema\\\/logo\\\/image\\\/\"},\"sameAs\":[\"https:\\\/\\\/www.facebook.com\\\/gwspchorzow\\\/\"]}]}<\/script>\n<!-- \/ Yoast SEO plugin. -->","yoast_head_json":{"title":"Postgraduate studies - Studia GWSP Chorz\u00f3w","description":"Studia podyplomowe","robots":{"index":"index","follow":"follow","max-snippet":"max-snippet:-1","max-image-preview":"max-image-preview:large","max-video-preview":"max-video-preview:-1"},"canonical":"https:\/\/www.gwsp.edu.pl\/en\/postgraduate-studies\/","og_locale":"en_US","og_type":"article","og_title":"Postgraduate studies - Studia GWSP Chorz\u00f3w","og_description":"Studia podyplomowe","og_url":"https:\/\/www.gwsp.edu.pl\/en\/postgraduate-studies\/","og_site_name":"Studia GWSP Chorz\u00f3w","article_publisher":"https:\/\/www.facebook.com\/gwspchorzow\/","article_modified_time":"2019-04-04T11:42:00+00:00","twitter_card":"summary_large_image","schema":{"@context":"https:\/\/schema.org","@graph":[{"@type":"WebPage","@id":"https:\/\/www.gwsp.edu.pl\/en\/postgraduate-studies\/","url":"https:\/\/www.gwsp.edu.pl\/en\/postgraduate-studies\/","name":"Postgraduate studies - Studia GWSP Chorz\u00f3w","isPartOf":{"@id":"https:\/\/www.gwsp.edu.pl\/#website"},"datePublished":"2019-04-04T11:36:09+00:00","dateModified":"2019-04-04T11:42:00+00:00","description":"Studia podyplomowe","breadcrumb":{"@id":"https:\/\/www.gwsp.edu.pl\/en\/postgraduate-studies\/#breadcrumb"},"inLanguage":"en-US","potentialAction":[{"@type":"ReadAction","target":["https:\/\/www.gwsp.edu.pl\/en\/postgraduate-studies\/"]}]},{"@type":"BreadcrumbList","@id":"https:\/\/www.gwsp.edu.pl\/en\/postgraduate-studies\/#breadcrumb","itemListElement":[{"@type":"ListItem","position":1,"name":"Home","item":"https:\/\/www.gwsp.edu.pl\/en\/"},{"@type":"ListItem","position":2,"name":"Postgraduate studies"}]},{"@type":"WebSite","@id":"https:\/\/www.gwsp.edu.pl\/#website","url":"https:\/\/www.gwsp.edu.pl\/","name":"Studia GWSP Chorz\u00f3w","description":"GWSP Chorz\u00f3w, Katowice, \u015al\u0105sk","publisher":{"@id":"https:\/\/www.gwsp.edu.pl\/#organization"},"potentialAction":[{"@type":"SearchAction","target":{"@type":"EntryPoint","urlTemplate":"https:\/\/www.gwsp.edu.pl\/?s={search_term_string}"},"query-input":{"@type":"PropertyValueSpecification","valueRequired":true,"valueName":"search_term_string"}}],"inLanguage":"en-US"},{"@type":"Organization","@id":"https:\/\/www.gwsp.edu.pl\/#organization","name":"G\u00f3rno\u015bl\u0105ska Wy\u017csza Szko\u0142a Przedsi\u0119biorczo\u015bci im. Karola Goduli","url":"https:\/\/www.gwsp.edu.pl\/","logo":{"@type":"ImageObject","inLanguage":"en-US","@id":"https:\/\/www.gwsp.edu.pl\/#\/schema\/logo\/image\/","url":"https:\/\/www.gwsp.edu.pl\/wp-content\/uploads\/2019\/03\/logo.png","contentUrl":"https:\/\/www.gwsp.edu.pl\/wp-content\/uploads\/2019\/03\/logo.png","width":183,"height":95,"caption":"G\u00f3rno\u015bl\u0105ska Wy\u017csza Szko\u0142a Przedsi\u0119biorczo\u015bci im. Karola Goduli"},"image":{"@id":"https:\/\/www.gwsp.edu.pl\/#\/schema\/logo\/image\/"},"sameAs":["https:\/\/www.facebook.com\/gwspchorzow\/"]}]}},"_links":{"self":[{"href":"https:\/\/www.gwsp.edu.pl\/en\/wp-json\/wp\/v2\/pages\/531","targetHints":{"allow":["GET"]}}],"collection":[{"href":"https:\/\/www.gwsp.edu.pl\/en\/wp-json\/wp\/v2\/pages"}],"about":[{"href":"https:\/\/www.gwsp.edu.pl\/en\/wp-json\/wp\/v2\/types\/page"}],"author":[{"embeddable":true,"href":"https:\/\/www.gwsp.edu.pl\/en\/wp-json\/wp\/v2\/users\/1"}],"replies":[{"embeddable":true,"href":"https:\/\/www.gwsp.edu.pl\/en\/wp-json\/wp\/v2\/comments?post=531"}],"version-history":[{"count":2,"href":"https:\/\/www.gwsp.edu.pl\/en\/wp-json\/wp\/v2\/pages\/531\/revisions"}],"predecessor-version":[{"id":534,"href":"https:\/\/www.gwsp.edu.pl\/en\/wp-json\/wp\/v2\/pages\/531\/revisions\/534"}],"wp:attachment":[{"href":"https:\/\/www.gwsp.edu.pl\/en\/wp-json\/wp\/v2\/media?parent=531"}],"curies":[{"name":"wp","href":"https:\/\/api.w.org\/{rel}","templated":true}]}}