{"id":4701,"date":"2022-04-12T22:43:15","date_gmt":"2022-04-12T20:43:15","guid":{"rendered":"https:\/\/www.gwsp.edu.pl\/?page_id=4701"},"modified":"2022-04-12T22:43:15","modified_gmt":"2022-04-12T20:43:15","slug":"mission","status":"publish","type":"page","link":"https:\/\/www.gwsp.edu.pl\/en\/about-the-university\/mission\/","title":{"rendered":"Mission"},"content":{"rendered":"<p>Upper Silesian University of Entrepreneurship Karola Goduli in Chorz\u00f3w conducts university studies with a practical profile. It is a university open to developing faculties and specializations drawing from various areas of knowledge. In the process of education, he emphasizes, in particular, creative and entrepreneurial activity as well as the marriage of business, art and nature. The university is a place to initiate, organize and implement events and projects in partnership with business, the creative environment, social and professional environments, local governments and non-profit organizations.<\/p>\n<p><img fetchpriority=\"high\" decoding=\"async\" class=\"size-medium wp-image-2715 aligncenter\" src=\"https:\/\/www.gwsp.edu.pl\/wp-content\/uploads\/2019\/07\/misja_gwsp-300x253.jpg\" alt=\"\" width=\"300\" height=\"253\" srcset=\"https:\/\/www.gwsp.edu.pl\/wp-content\/uploads\/2019\/07\/misja_gwsp-300x253.jpg 300w, https:\/\/www.gwsp.edu.pl\/wp-content\/uploads\/2019\/07\/misja_gwsp.jpg 450w\" sizes=\"(max-width: 300px) 100vw, 300px\" \/><\/p>\n<p>The university provides specialist knowledge, practical skills and social competences to find and perform a satisfactory job. In addition, the participation of students in the management of the University and the improvement of educational programs is taken into account. The educational profile is innovative in terms of content and forms, as well as taking into account the changing needs of the market and the expectations of employers. The measure of the University&#8217;s success is the high degree of identification of students and graduates with their Alma Mater.<\/p>\n<p>Download Strategy of the Upper Silesian University of Entrepreneurship: <a href=\"https:\/\/gwsp.edu.pl\/wp-content\/uploads\/2019\/06\/Strategia-GWSP-2016.pdf\">Strategy of GWSP 2016 (.pdf)<\/a><\/p>\n","protected":false},"excerpt":{"rendered":"<p>Upper Silesian University of Entrepreneurship Karola Goduli in Chorz\u00f3w conducts university studies with a practical profile. It is a university open to developing faculties and specializations drawing from various areas of knowledge. In the process of education, he emphasizes, in particular, creative and entrepreneurial activity as well as the marriage of business, art and nature. [&hellip;]<\/p>\n","protected":false},"author":2,"featured_media":0,"parent":4696,"menu_order":184,"comment_status":"closed","ping_status":"closed","template":"","meta":{"_acf_changed":false,"footnotes":""},"class_list":["post-4701","page","type-page","status-publish","hentry"],"acf":[],"yoast_head":"<!-- This site is optimized with the Yoast SEO plugin v27.3 - https:\/\/yoast.com\/product\/yoast-seo-wordpress\/ -->\n<title>Mission - Studia GWSP Chorz\u00f3w<\/title>\n<meta name=\"robots\" content=\"index, follow, max-snippet:-1, max-image-preview:large, max-video-preview:-1\" \/>\n<link rel=\"canonical\" href=\"https:\/\/www.gwsp.edu.pl\/en\/about-the-university\/mission\/\" \/>\n<meta property=\"og:locale\" content=\"en_US\" \/>\n<meta property=\"og:type\" content=\"article\" \/>\n<meta property=\"og:title\" content=\"Mission - Studia GWSP Chorz\u00f3w\" \/>\n<meta property=\"og:description\" content=\"Upper Silesian University of Entrepreneurship Karola Goduli in Chorz\u00f3w conducts university studies with a practical profile. It is a university open to developing faculties and specializations drawing from various areas of knowledge. In the process of education, he emphasizes, in particular, creative and entrepreneurial activity as well as the marriage of business, art and nature. [&hellip;]\" \/>\n<meta property=\"og:url\" content=\"https:\/\/www.gwsp.edu.pl\/en\/about-the-university\/mission\/\" \/>\n<meta property=\"og:site_name\" content=\"Studia GWSP Chorz\u00f3w\" \/>\n<meta property=\"article:publisher\" content=\"https:\/\/www.facebook.com\/gwspchorzow\/\" \/>\n<meta property=\"og:image\" content=\"https:\/\/www.gwsp.edu.pl\/wp-content\/uploads\/2019\/07\/misja_gwsp-300x253.jpg\" \/>\n<meta name=\"twitter:card\" content=\"summary_large_image\" \/>\n<meta name=\"twitter:label1\" content=\"Est. reading time\" \/>\n\t<meta name=\"twitter:data1\" content=\"1 minute\" \/>\n<script type=\"application\/ld+json\" class=\"yoast-schema-graph\">{\"@context\":\"https:\\\/\\\/schema.org\",\"@graph\":[{\"@type\":\"WebPage\",\"@id\":\"https:\\\/\\\/www.gwsp.edu.pl\\\/en\\\/about-the-university\\\/mission\\\/\",\"url\":\"https:\\\/\\\/www.gwsp.edu.pl\\\/en\\\/about-the-university\\\/mission\\\/\",\"name\":\"Mission - Studia GWSP Chorz\u00f3w\",\"isPartOf\":{\"@id\":\"https:\\\/\\\/www.gwsp.edu.pl\\\/#website\"},\"primaryImageOfPage\":{\"@id\":\"https:\\\/\\\/www.gwsp.edu.pl\\\/en\\\/about-the-university\\\/mission\\\/#primaryimage\"},\"image\":{\"@id\":\"https:\\\/\\\/www.gwsp.edu.pl\\\/en\\\/about-the-university\\\/mission\\\/#primaryimage\"},\"thumbnailUrl\":\"https:\\\/\\\/www.gwsp.edu.pl\\\/wp-content\\\/uploads\\\/2019\\\/07\\\/misja_gwsp-300x253.jpg\",\"datePublished\":\"2022-04-12T20:43:15+00:00\",\"breadcrumb\":{\"@id\":\"https:\\\/\\\/www.gwsp.edu.pl\\\/en\\\/about-the-university\\\/mission\\\/#breadcrumb\"},\"inLanguage\":\"en-US\",\"potentialAction\":[{\"@type\":\"ReadAction\",\"target\":[\"https:\\\/\\\/www.gwsp.edu.pl\\\/en\\\/about-the-university\\\/mission\\\/\"]}]},{\"@type\":\"ImageObject\",\"inLanguage\":\"en-US\",\"@id\":\"https:\\\/\\\/www.gwsp.edu.pl\\\/en\\\/about-the-university\\\/mission\\\/#primaryimage\",\"url\":\"https:\\\/\\\/www.gwsp.edu.pl\\\/wp-content\\\/uploads\\\/2019\\\/07\\\/misja_gwsp-300x253.jpg\",\"contentUrl\":\"https:\\\/\\\/www.gwsp.edu.pl\\\/wp-content\\\/uploads\\\/2019\\\/07\\\/misja_gwsp-300x253.jpg\"},{\"@type\":\"BreadcrumbList\",\"@id\":\"https:\\\/\\\/www.gwsp.edu.pl\\\/en\\\/about-the-university\\\/mission\\\/#breadcrumb\",\"itemListElement\":[{\"@type\":\"ListItem\",\"position\":1,\"name\":\"Home\",\"item\":\"https:\\\/\\\/www.gwsp.edu.pl\\\/en\\\/\"},{\"@type\":\"ListItem\",\"position\":2,\"name\":\"About the University\",\"item\":\"https:\\\/\\\/www.gwsp.edu.pl\\\/en\\\/about-the-university\\\/\"},{\"@type\":\"ListItem\",\"position\":3,\"name\":\"Mission\"}]},{\"@type\":\"WebSite\",\"@id\":\"https:\\\/\\\/www.gwsp.edu.pl\\\/#website\",\"url\":\"https:\\\/\\\/www.gwsp.edu.pl\\\/\",\"name\":\"Studia GWSP Chorz\u00f3w\",\"description\":\"GWSP Chorz\u00f3w, Katowice, \u015al\u0105sk\",\"publisher\":{\"@id\":\"https:\\\/\\\/www.gwsp.edu.pl\\\/#organization\"},\"potentialAction\":[{\"@type\":\"SearchAction\",\"target\":{\"@type\":\"EntryPoint\",\"urlTemplate\":\"https:\\\/\\\/www.gwsp.edu.pl\\\/?s={search_term_string}\"},\"query-input\":{\"@type\":\"PropertyValueSpecification\",\"valueRequired\":true,\"valueName\":\"search_term_string\"}}],\"inLanguage\":\"en-US\"},{\"@type\":\"Organization\",\"@id\":\"https:\\\/\\\/www.gwsp.edu.pl\\\/#organization\",\"name\":\"G\u00f3rno\u015bl\u0105ska Wy\u017csza Szko\u0142a Przedsi\u0119biorczo\u015bci im. Karola Goduli\",\"url\":\"https:\\\/\\\/www.gwsp.edu.pl\\\/\",\"logo\":{\"@type\":\"ImageObject\",\"inLanguage\":\"en-US\",\"@id\":\"https:\\\/\\\/www.gwsp.edu.pl\\\/#\\\/schema\\\/logo\\\/image\\\/\",\"url\":\"https:\\\/\\\/www.gwsp.edu.pl\\\/wp-content\\\/uploads\\\/2019\\\/03\\\/logo.png\",\"contentUrl\":\"https:\\\/\\\/www.gwsp.edu.pl\\\/wp-content\\\/uploads\\\/2019\\\/03\\\/logo.png\",\"width\":183,\"height\":95,\"caption\":\"G\u00f3rno\u015bl\u0105ska Wy\u017csza Szko\u0142a Przedsi\u0119biorczo\u015bci im. Karola Goduli\"},\"image\":{\"@id\":\"https:\\\/\\\/www.gwsp.edu.pl\\\/#\\\/schema\\\/logo\\\/image\\\/\"},\"sameAs\":[\"https:\\\/\\\/www.facebook.com\\\/gwspchorzow\\\/\"]}]}<\/script>\n<!-- \/ Yoast SEO plugin. -->","yoast_head_json":{"title":"Mission - Studia GWSP Chorz\u00f3w","robots":{"index":"index","follow":"follow","max-snippet":"max-snippet:-1","max-image-preview":"max-image-preview:large","max-video-preview":"max-video-preview:-1"},"canonical":"https:\/\/www.gwsp.edu.pl\/en\/about-the-university\/mission\/","og_locale":"en_US","og_type":"article","og_title":"Mission - Studia GWSP Chorz\u00f3w","og_description":"Upper Silesian University of Entrepreneurship Karola Goduli in Chorz\u00f3w conducts university studies with a practical profile. It is a university open to developing faculties and specializations drawing from various areas of knowledge. In the process of education, he emphasizes, in particular, creative and entrepreneurial activity as well as the marriage of business, art and nature. [&hellip;]","og_url":"https:\/\/www.gwsp.edu.pl\/en\/about-the-university\/mission\/","og_site_name":"Studia GWSP Chorz\u00f3w","article_publisher":"https:\/\/www.facebook.com\/gwspchorzow\/","og_image":[{"url":"https:\/\/www.gwsp.edu.pl\/wp-content\/uploads\/2019\/07\/misja_gwsp-300x253.jpg","type":"","width":"","height":""}],"twitter_card":"summary_large_image","twitter_misc":{"Est. reading time":"1 minute"},"schema":{"@context":"https:\/\/schema.org","@graph":[{"@type":"WebPage","@id":"https:\/\/www.gwsp.edu.pl\/en\/about-the-university\/mission\/","url":"https:\/\/www.gwsp.edu.pl\/en\/about-the-university\/mission\/","name":"Mission - Studia GWSP Chorz\u00f3w","isPartOf":{"@id":"https:\/\/www.gwsp.edu.pl\/#website"},"primaryImageOfPage":{"@id":"https:\/\/www.gwsp.edu.pl\/en\/about-the-university\/mission\/#primaryimage"},"image":{"@id":"https:\/\/www.gwsp.edu.pl\/en\/about-the-university\/mission\/#primaryimage"},"thumbnailUrl":"https:\/\/www.gwsp.edu.pl\/wp-content\/uploads\/2019\/07\/misja_gwsp-300x253.jpg","datePublished":"2022-04-12T20:43:15+00:00","breadcrumb":{"@id":"https:\/\/www.gwsp.edu.pl\/en\/about-the-university\/mission\/#breadcrumb"},"inLanguage":"en-US","potentialAction":[{"@type":"ReadAction","target":["https:\/\/www.gwsp.edu.pl\/en\/about-the-university\/mission\/"]}]},{"@type":"ImageObject","inLanguage":"en-US","@id":"https:\/\/www.gwsp.edu.pl\/en\/about-the-university\/mission\/#primaryimage","url":"https:\/\/www.gwsp.edu.pl\/wp-content\/uploads\/2019\/07\/misja_gwsp-300x253.jpg","contentUrl":"https:\/\/www.gwsp.edu.pl\/wp-content\/uploads\/2019\/07\/misja_gwsp-300x253.jpg"},{"@type":"BreadcrumbList","@id":"https:\/\/www.gwsp.edu.pl\/en\/about-the-university\/mission\/#breadcrumb","itemListElement":[{"@type":"ListItem","position":1,"name":"Home","item":"https:\/\/www.gwsp.edu.pl\/en\/"},{"@type":"ListItem","position":2,"name":"About the University","item":"https:\/\/www.gwsp.edu.pl\/en\/about-the-university\/"},{"@type":"ListItem","position":3,"name":"Mission"}]},{"@type":"WebSite","@id":"https:\/\/www.gwsp.edu.pl\/#website","url":"https:\/\/www.gwsp.edu.pl\/","name":"Studia GWSP Chorz\u00f3w","description":"GWSP Chorz\u00f3w, Katowice, \u015al\u0105sk","publisher":{"@id":"https:\/\/www.gwsp.edu.pl\/#organization"},"potentialAction":[{"@type":"SearchAction","target":{"@type":"EntryPoint","urlTemplate":"https:\/\/www.gwsp.edu.pl\/?s={search_term_string}"},"query-input":{"@type":"PropertyValueSpecification","valueRequired":true,"valueName":"search_term_string"}}],"inLanguage":"en-US"},{"@type":"Organization","@id":"https:\/\/www.gwsp.edu.pl\/#organization","name":"G\u00f3rno\u015bl\u0105ska Wy\u017csza Szko\u0142a Przedsi\u0119biorczo\u015bci im. Karola Goduli","url":"https:\/\/www.gwsp.edu.pl\/","logo":{"@type":"ImageObject","inLanguage":"en-US","@id":"https:\/\/www.gwsp.edu.pl\/#\/schema\/logo\/image\/","url":"https:\/\/www.gwsp.edu.pl\/wp-content\/uploads\/2019\/03\/logo.png","contentUrl":"https:\/\/www.gwsp.edu.pl\/wp-content\/uploads\/2019\/03\/logo.png","width":183,"height":95,"caption":"G\u00f3rno\u015bl\u0105ska Wy\u017csza Szko\u0142a Przedsi\u0119biorczo\u015bci im. Karola Goduli"},"image":{"@id":"https:\/\/www.gwsp.edu.pl\/#\/schema\/logo\/image\/"},"sameAs":["https:\/\/www.facebook.com\/gwspchorzow\/"]}]}},"_links":{"self":[{"href":"https:\/\/www.gwsp.edu.pl\/en\/wp-json\/wp\/v2\/pages\/4701","targetHints":{"allow":["GET"]}}],"collection":[{"href":"https:\/\/www.gwsp.edu.pl\/en\/wp-json\/wp\/v2\/pages"}],"about":[{"href":"https:\/\/www.gwsp.edu.pl\/en\/wp-json\/wp\/v2\/types\/page"}],"author":[{"embeddable":true,"href":"https:\/\/www.gwsp.edu.pl\/en\/wp-json\/wp\/v2\/users\/2"}],"replies":[{"embeddable":true,"href":"https:\/\/www.gwsp.edu.pl\/en\/wp-json\/wp\/v2\/comments?post=4701"}],"version-history":[{"count":1,"href":"https:\/\/www.gwsp.edu.pl\/en\/wp-json\/wp\/v2\/pages\/4701\/revisions"}],"predecessor-version":[{"id":4702,"href":"https:\/\/www.gwsp.edu.pl\/en\/wp-json\/wp\/v2\/pages\/4701\/revisions\/4702"}],"up":[{"embeddable":true,"href":"https:\/\/www.gwsp.edu.pl\/en\/wp-json\/wp\/v2\/pages\/4696"}],"wp:attachment":[{"href":"https:\/\/www.gwsp.edu.pl\/en\/wp-json\/wp\/v2\/media?parent=4701"}],"curies":[{"name":"wp","href":"https:\/\/api.w.org\/{rel}","templated":true}]}}