{"id":4688,"date":"2022-04-12T22:04:33","date_gmt":"2022-04-12T20:04:33","guid":{"rendered":"https:\/\/www.gwsp.edu.pl\/?page_id=4688"},"modified":"2022-04-12T22:04:33","modified_gmt":"2022-04-12T20:04:33","slug":"covid-19-information","status":"publish","type":"page","link":"https:\/\/www.gwsp.edu.pl\/en\/covid-19-information\/","title":{"rendered":"COVID-19 Information"},"content":{"rendered":"<p>In the near future, we want to do everything to prevent the spread of the coronavirus in Poland.<\/p>\n<p>However, a lot depends on us!<\/p>\n<p>So let&#8217;s avoid clusters of people, if you can &#8211; work remotely,<br \/>\nWash your hands often, don&#8217;t touch your face unnecessarily.<br \/>\nLet&#8217;s take care of the right behavior together!<\/p>\n<p>Necessary information can be found at: <a href=\"http:\/\/www.gov.pl\/koronawirus\" target=\"_blank\" rel=\"noopener noreferrer\"><strong>gov.pl\/koronawirus<\/strong><\/a>.<\/p>\n<p>If you have symptoms accompanying the coronavirus, call the nearest sanitary and epidemiological station or the National Health Fund hotline: <strong>800 190 590.<\/strong><\/p>\n<p>In the case of residents of Chorz\u00f3w, please contact the County Sanitary and Epidemiological Station in Chorz\u00f3w &#8211; tel. <strong>692 180 830<\/strong> or the Specialist Hospital in Chorz\u00f3w &#8211; <strong>797 189 603.<\/strong><\/p>\n<div style=\"width: 640px;\" class=\"wp-video\"><!--[if lt IE 9]><script>document.createElement('video');<\/script><![endif]-->\n<video class=\"wp-video-shortcode\" id=\"video-4688-1\" width=\"640\" height=\"360\" preload=\"metadata\" controls=\"controls\"><source type=\"video\/mp4\" src=\"https:\/\/www.gwsp.edu.pl\/wp-content\/uploads\/2020\/03\/mycie_rak_1080P.mp4?_=1\" \/><a href=\"https:\/\/www.gwsp.edu.pl\/wp-content\/uploads\/2020\/03\/mycie_rak_1080P.mp4\">https:\/\/www.gwsp.edu.pl\/wp-content\/uploads\/2020\/03\/mycie_rak_1080P.mp4<\/a><\/video><\/div>\n<p>&nbsp;<\/p>\n<p>We spend many hours together in the lecture halls and corridors of our University. We smile at each other, discuss, support &#8230; we are TOGETHER. In a difficult time of isolation, uncertainty and fear for tomorrow, we cannot feel alone. Together with the psychologists cooperating with us, we are launching the Psychological Support campaign for you &#8211; entry through the Virtual Dean&#8217;s Office &#8220;Psychological Support GWSP&#8221;. We are at your disposal.<\/p>\n<p>Let&#8217;s help each other survive the most difficult moments. Let&#8217;s build a responsible and sensitive community to the needs of other people. Call, write. Let&#8217;s be together.<\/p>\n<p>Familiarize yourself with the safety rules in force in the GWSP, in particular during stationary classes that allow you to reduce the risk of SARS-CoV-2 infection:<\/p>\n<ul>\n<li><a href=\"https:\/\/www.gwsp.edu.pl\/wp-content\/uploads\/2022\/04\/zarzadzenie-32021.pdf\">Rector&#8217;s Ordinance No. 3<\/a><\/li>\n<li><a href=\"https:\/\/www.gwsp.edu.pl\/wp-content\/uploads\/2020\/10\/zarz\u0105dzenie-nr-11.pdf\">Rector&#8217;s Ordinance No. 11<\/a><\/li>\n<li><a href=\"https:\/\/www.gwsp.edu.pl\/wp-content\/uploads\/2020\/10\/zarz\u0105dzenie-nr-12.pdf\">Rector&#8217;s Ordinance No. 12<\/a><\/li>\n<li><a href=\"https:\/\/www.gwsp.edu.pl\/wp-content\/uploads\/2020\/10\/zarzadzenie-nr-13.pdf\">Rector&#8217;s Ordinance No. 13<\/a><\/li>\n<li><a href=\"https:\/\/www.gwsp.edu.pl\/wp-content\/uploads\/2020\/10\/12-zalacznik-30.09-Zasady-zapobiegania-GWSP-wrzesien-2020.pdf\">Principles of GWSP prevention<\/a><\/li>\n<\/ul>\n","protected":false},"excerpt":{"rendered":"<p>In the near future, we want to do everything to prevent the spread of the coronavirus in Poland. However, a lot depends on us! So let&#8217;s avoid clusters of people, if you can &#8211; work remotely, Wash your hands often, don&#8217;t touch your face unnecessarily. Let&#8217;s take care of the right behavior together! Necessary information [&hellip;]<\/p>\n","protected":false},"author":2,"featured_media":0,"parent":0,"menu_order":69,"comment_status":"closed","ping_status":"closed","template":"","meta":{"_acf_changed":false,"footnotes":""},"class_list":["post-4688","page","type-page","status-publish","hentry"],"acf":[],"yoast_head":"<!-- This site is optimized with the Yoast SEO plugin v27.3 - https:\/\/yoast.com\/product\/yoast-seo-wordpress\/ -->\n<title>COVID-19 Information - Studia GWSP Chorz\u00f3w<\/title>\n<meta name=\"robots\" content=\"index, follow, max-snippet:-1, max-image-preview:large, max-video-preview:-1\" \/>\n<link rel=\"canonical\" href=\"https:\/\/www.gwsp.edu.pl\/en\/covid-19-information\/\" \/>\n<meta property=\"og:locale\" content=\"en_US\" \/>\n<meta property=\"og:type\" content=\"article\" \/>\n<meta property=\"og:title\" content=\"COVID-19 Information - Studia GWSP Chorz\u00f3w\" \/>\n<meta property=\"og:description\" content=\"In the near future, we want to do everything to prevent the spread of the coronavirus in Poland. However, a lot depends on us! So let&#8217;s avoid clusters of people, if you can &#8211; work remotely, Wash your hands often, don&#8217;t touch your face unnecessarily. Let&#8217;s take care of the right behavior together! Necessary information [&hellip;]\" \/>\n<meta property=\"og:url\" content=\"https:\/\/www.gwsp.edu.pl\/en\/covid-19-information\/\" \/>\n<meta property=\"og:site_name\" content=\"Studia GWSP Chorz\u00f3w\" \/>\n<meta property=\"article:publisher\" content=\"https:\/\/www.facebook.com\/gwspchorzow\/\" \/>\n<meta name=\"twitter:card\" content=\"summary_large_image\" \/>\n<meta name=\"twitter:label1\" content=\"Est. reading time\" \/>\n\t<meta name=\"twitter:data1\" content=\"1 minute\" \/>\n<script type=\"application\/ld+json\" class=\"yoast-schema-graph\">{\"@context\":\"https:\\\/\\\/schema.org\",\"@graph\":[{\"@type\":\"WebPage\",\"@id\":\"https:\\\/\\\/www.gwsp.edu.pl\\\/en\\\/covid-19-information\\\/\",\"url\":\"https:\\\/\\\/www.gwsp.edu.pl\\\/en\\\/covid-19-information\\\/\",\"name\":\"COVID-19 Information - Studia GWSP Chorz\u00f3w\",\"isPartOf\":{\"@id\":\"https:\\\/\\\/www.gwsp.edu.pl\\\/#website\"},\"datePublished\":\"2022-04-12T20:04:33+00:00\",\"breadcrumb\":{\"@id\":\"https:\\\/\\\/www.gwsp.edu.pl\\\/en\\\/covid-19-information\\\/#breadcrumb\"},\"inLanguage\":\"en-US\",\"potentialAction\":[{\"@type\":\"ReadAction\",\"target\":[\"https:\\\/\\\/www.gwsp.edu.pl\\\/en\\\/covid-19-information\\\/\"]}]},{\"@type\":\"BreadcrumbList\",\"@id\":\"https:\\\/\\\/www.gwsp.edu.pl\\\/en\\\/covid-19-information\\\/#breadcrumb\",\"itemListElement\":[{\"@type\":\"ListItem\",\"position\":1,\"name\":\"Home\",\"item\":\"https:\\\/\\\/www.gwsp.edu.pl\\\/en\\\/\"},{\"@type\":\"ListItem\",\"position\":2,\"name\":\"COVID-19 Information\"}]},{\"@type\":\"WebSite\",\"@id\":\"https:\\\/\\\/www.gwsp.edu.pl\\\/#website\",\"url\":\"https:\\\/\\\/www.gwsp.edu.pl\\\/\",\"name\":\"Studia GWSP Chorz\u00f3w\",\"description\":\"GWSP Chorz\u00f3w, Katowice, \u015al\u0105sk\",\"publisher\":{\"@id\":\"https:\\\/\\\/www.gwsp.edu.pl\\\/#organization\"},\"potentialAction\":[{\"@type\":\"SearchAction\",\"target\":{\"@type\":\"EntryPoint\",\"urlTemplate\":\"https:\\\/\\\/www.gwsp.edu.pl\\\/?s={search_term_string}\"},\"query-input\":{\"@type\":\"PropertyValueSpecification\",\"valueRequired\":true,\"valueName\":\"search_term_string\"}}],\"inLanguage\":\"en-US\"},{\"@type\":\"Organization\",\"@id\":\"https:\\\/\\\/www.gwsp.edu.pl\\\/#organization\",\"name\":\"G\u00f3rno\u015bl\u0105ska Wy\u017csza Szko\u0142a Przedsi\u0119biorczo\u015bci im. Karola Goduli\",\"url\":\"https:\\\/\\\/www.gwsp.edu.pl\\\/\",\"logo\":{\"@type\":\"ImageObject\",\"inLanguage\":\"en-US\",\"@id\":\"https:\\\/\\\/www.gwsp.edu.pl\\\/#\\\/schema\\\/logo\\\/image\\\/\",\"url\":\"https:\\\/\\\/www.gwsp.edu.pl\\\/wp-content\\\/uploads\\\/2019\\\/03\\\/logo.png\",\"contentUrl\":\"https:\\\/\\\/www.gwsp.edu.pl\\\/wp-content\\\/uploads\\\/2019\\\/03\\\/logo.png\",\"width\":183,\"height\":95,\"caption\":\"G\u00f3rno\u015bl\u0105ska Wy\u017csza Szko\u0142a Przedsi\u0119biorczo\u015bci im. Karola Goduli\"},\"image\":{\"@id\":\"https:\\\/\\\/www.gwsp.edu.pl\\\/#\\\/schema\\\/logo\\\/image\\\/\"},\"sameAs\":[\"https:\\\/\\\/www.facebook.com\\\/gwspchorzow\\\/\"]}]}<\/script>\n<!-- \/ Yoast SEO plugin. -->","yoast_head_json":{"title":"COVID-19 Information - Studia GWSP Chorz\u00f3w","robots":{"index":"index","follow":"follow","max-snippet":"max-snippet:-1","max-image-preview":"max-image-preview:large","max-video-preview":"max-video-preview:-1"},"canonical":"https:\/\/www.gwsp.edu.pl\/en\/covid-19-information\/","og_locale":"en_US","og_type":"article","og_title":"COVID-19 Information - Studia GWSP Chorz\u00f3w","og_description":"In the near future, we want to do everything to prevent the spread of the coronavirus in Poland. However, a lot depends on us! So let&#8217;s avoid clusters of people, if you can &#8211; work remotely, Wash your hands often, don&#8217;t touch your face unnecessarily. Let&#8217;s take care of the right behavior together! Necessary information [&hellip;]","og_url":"https:\/\/www.gwsp.edu.pl\/en\/covid-19-information\/","og_site_name":"Studia GWSP Chorz\u00f3w","article_publisher":"https:\/\/www.facebook.com\/gwspchorzow\/","twitter_card":"summary_large_image","twitter_misc":{"Est. reading time":"1 minute"},"schema":{"@context":"https:\/\/schema.org","@graph":[{"@type":"WebPage","@id":"https:\/\/www.gwsp.edu.pl\/en\/covid-19-information\/","url":"https:\/\/www.gwsp.edu.pl\/en\/covid-19-information\/","name":"COVID-19 Information - Studia GWSP Chorz\u00f3w","isPartOf":{"@id":"https:\/\/www.gwsp.edu.pl\/#website"},"datePublished":"2022-04-12T20:04:33+00:00","breadcrumb":{"@id":"https:\/\/www.gwsp.edu.pl\/en\/covid-19-information\/#breadcrumb"},"inLanguage":"en-US","potentialAction":[{"@type":"ReadAction","target":["https:\/\/www.gwsp.edu.pl\/en\/covid-19-information\/"]}]},{"@type":"BreadcrumbList","@id":"https:\/\/www.gwsp.edu.pl\/en\/covid-19-information\/#breadcrumb","itemListElement":[{"@type":"ListItem","position":1,"name":"Home","item":"https:\/\/www.gwsp.edu.pl\/en\/"},{"@type":"ListItem","position":2,"name":"COVID-19 Information"}]},{"@type":"WebSite","@id":"https:\/\/www.gwsp.edu.pl\/#website","url":"https:\/\/www.gwsp.edu.pl\/","name":"Studia GWSP Chorz\u00f3w","description":"GWSP Chorz\u00f3w, Katowice, \u015al\u0105sk","publisher":{"@id":"https:\/\/www.gwsp.edu.pl\/#organization"},"potentialAction":[{"@type":"SearchAction","target":{"@type":"EntryPoint","urlTemplate":"https:\/\/www.gwsp.edu.pl\/?s={search_term_string}"},"query-input":{"@type":"PropertyValueSpecification","valueRequired":true,"valueName":"search_term_string"}}],"inLanguage":"en-US"},{"@type":"Organization","@id":"https:\/\/www.gwsp.edu.pl\/#organization","name":"G\u00f3rno\u015bl\u0105ska Wy\u017csza Szko\u0142a Przedsi\u0119biorczo\u015bci im. Karola Goduli","url":"https:\/\/www.gwsp.edu.pl\/","logo":{"@type":"ImageObject","inLanguage":"en-US","@id":"https:\/\/www.gwsp.edu.pl\/#\/schema\/logo\/image\/","url":"https:\/\/www.gwsp.edu.pl\/wp-content\/uploads\/2019\/03\/logo.png","contentUrl":"https:\/\/www.gwsp.edu.pl\/wp-content\/uploads\/2019\/03\/logo.png","width":183,"height":95,"caption":"G\u00f3rno\u015bl\u0105ska Wy\u017csza Szko\u0142a Przedsi\u0119biorczo\u015bci im. Karola Goduli"},"image":{"@id":"https:\/\/www.gwsp.edu.pl\/#\/schema\/logo\/image\/"},"sameAs":["https:\/\/www.facebook.com\/gwspchorzow\/"]}]}},"_links":{"self":[{"href":"https:\/\/www.gwsp.edu.pl\/en\/wp-json\/wp\/v2\/pages\/4688","targetHints":{"allow":["GET"]}}],"collection":[{"href":"https:\/\/www.gwsp.edu.pl\/en\/wp-json\/wp\/v2\/pages"}],"about":[{"href":"https:\/\/www.gwsp.edu.pl\/en\/wp-json\/wp\/v2\/types\/page"}],"author":[{"embeddable":true,"href":"https:\/\/www.gwsp.edu.pl\/en\/wp-json\/wp\/v2\/users\/2"}],"replies":[{"embeddable":true,"href":"https:\/\/www.gwsp.edu.pl\/en\/wp-json\/wp\/v2\/comments?post=4688"}],"version-history":[{"count":1,"href":"https:\/\/www.gwsp.edu.pl\/en\/wp-json\/wp\/v2\/pages\/4688\/revisions"}],"predecessor-version":[{"id":4689,"href":"https:\/\/www.gwsp.edu.pl\/en\/wp-json\/wp\/v2\/pages\/4688\/revisions\/4689"}],"wp:attachment":[{"href":"https:\/\/www.gwsp.edu.pl\/en\/wp-json\/wp\/v2\/media?parent=4688"}],"curies":[{"name":"wp","href":"https:\/\/api.w.org\/{rel}","templated":true}]}}