{"id":4686,"date":"2022-04-12T22:01:04","date_gmt":"2022-04-12T20:01:04","guid":{"rendered":"https:\/\/www.gwsp.edu.pl\/?page_id=4686"},"modified":"2022-04-12T22:01:04","modified_gmt":"2022-04-12T20:01:04","slug":"graduation-diploma","status":"publish","type":"page","link":"https:\/\/www.gwsp.edu.pl\/en\/graduation-diploma\/","title":{"rendered":"Graduation Diploma"},"content":{"rendered":"<p><strong>Specimens of graduation diplomas, methods of securing and issuing them<\/strong><\/p>\n<p>In G\u00f3rno\u015bl\u0105ska Wy\u017csza Szko\u0142a Przedsi\u0119biorczo\u015bci im. Karol Godula, there is the following model of higher education diploma with security (available <a href=\"https:\/\/www.gwsp.edu.pl\/wp-content\/uploads\/2021\/11\/GWSP_zabezpieczenia-druku_www-1.pdf\">here<\/a>), approved by Resolution No. 3\/2020\/2021 of the Senate of the Upper Silesian University of Entrepreneurship Karol Godula in Chorz\u00f3w on March 9, 2021. The current model of the diploma was introduced into the legal system and its issuance began on July 1, 2021. Variable data on the graduate, form of studies, graduation result, issuing the diploma are entered at the university. The form of the document is personalized in the printing house and includes: the name of the university, typographic numbering, and the university&#8217;s emblem.<\/p>\n<p><strong>The method of issuing diplomas and its copies and duplicates:<\/strong><\/p>\n<p>The set of documents is issued at the dean&#8217;s office on the basis of the Rector&#8217;s order on the rules and manner of drawing up and issuing graduation diplomas, their copies, copies for files and their duplicates.<\/p>\n<p>The forms of diplomas are kept in a specially secured room, to which only an authorized person has access. Prints are issued only to persons authorized to collect them. The diplomas are issued to the graduate in person or to a third person on the basis of a notary&#8217;s authorization or prepared at the dean&#8217;s office in the presence of an employee of the dean&#8217;s office. Together with the diploma, the graduate receives two copies of the diploma, while a copy in a foreign language is issued at the graduate&#8217;s request. Additional copies of diplomas and duplicate diplomas are issued at the graduate&#8217;s request, in accordance with the above-described procedure.<\/p>\n","protected":false},"excerpt":{"rendered":"<p>Specimens of graduation diplomas, methods of securing and issuing them In G\u00f3rno\u015bl\u0105ska Wy\u017csza Szko\u0142a Przedsi\u0119biorczo\u015bci im. Karol Godula, there is the following model of higher education diploma with security (available here), approved by Resolution No. 3\/2020\/2021 of the Senate of the Upper Silesian University of Entrepreneurship Karol Godula in Chorz\u00f3w on March 9, 2021. The [&hellip;]<\/p>\n","protected":false},"author":2,"featured_media":0,"parent":0,"menu_order":61,"comment_status":"closed","ping_status":"closed","template":"","meta":{"_acf_changed":false,"footnotes":""},"class_list":["post-4686","page","type-page","status-publish","hentry"],"acf":[],"yoast_head":"<!-- This site is optimized with the Yoast SEO plugin v27.3 - https:\/\/yoast.com\/product\/yoast-seo-wordpress\/ -->\n<title>Graduation Diploma - Studia GWSP Chorz\u00f3w<\/title>\n<meta name=\"robots\" content=\"index, follow, max-snippet:-1, max-image-preview:large, max-video-preview:-1\" \/>\n<link rel=\"canonical\" href=\"https:\/\/www.gwsp.edu.pl\/en\/graduation-diploma\/\" \/>\n<meta property=\"og:locale\" content=\"en_US\" \/>\n<meta property=\"og:type\" content=\"article\" \/>\n<meta property=\"og:title\" content=\"Graduation Diploma - Studia GWSP Chorz\u00f3w\" \/>\n<meta property=\"og:description\" content=\"Specimens of graduation diplomas, methods of securing and issuing them In G\u00f3rno\u015bl\u0105ska Wy\u017csza Szko\u0142a Przedsi\u0119biorczo\u015bci im. Karol Godula, there is the following model of higher education diploma with security (available here), approved by Resolution No. 3\/2020\/2021 of the Senate of the Upper Silesian University of Entrepreneurship Karol Godula in Chorz\u00f3w on March 9, 2021. The [&hellip;]\" \/>\n<meta property=\"og:url\" content=\"https:\/\/www.gwsp.edu.pl\/en\/graduation-diploma\/\" \/>\n<meta property=\"og:site_name\" content=\"Studia GWSP Chorz\u00f3w\" \/>\n<meta property=\"article:publisher\" content=\"https:\/\/www.facebook.com\/gwspchorzow\/\" \/>\n<meta name=\"twitter:card\" content=\"summary_large_image\" \/>\n<meta name=\"twitter:label1\" content=\"Est. reading time\" \/>\n\t<meta name=\"twitter:data1\" content=\"1 minute\" \/>\n<script type=\"application\/ld+json\" class=\"yoast-schema-graph\">{\"@context\":\"https:\\\/\\\/schema.org\",\"@graph\":[{\"@type\":\"WebPage\",\"@id\":\"https:\\\/\\\/www.gwsp.edu.pl\\\/en\\\/graduation-diploma\\\/\",\"url\":\"https:\\\/\\\/www.gwsp.edu.pl\\\/en\\\/graduation-diploma\\\/\",\"name\":\"Graduation Diploma - Studia GWSP Chorz\u00f3w\",\"isPartOf\":{\"@id\":\"https:\\\/\\\/www.gwsp.edu.pl\\\/#website\"},\"datePublished\":\"2022-04-12T20:01:04+00:00\",\"breadcrumb\":{\"@id\":\"https:\\\/\\\/www.gwsp.edu.pl\\\/en\\\/graduation-diploma\\\/#breadcrumb\"},\"inLanguage\":\"en-US\",\"potentialAction\":[{\"@type\":\"ReadAction\",\"target\":[\"https:\\\/\\\/www.gwsp.edu.pl\\\/en\\\/graduation-diploma\\\/\"]}]},{\"@type\":\"BreadcrumbList\",\"@id\":\"https:\\\/\\\/www.gwsp.edu.pl\\\/en\\\/graduation-diploma\\\/#breadcrumb\",\"itemListElement\":[{\"@type\":\"ListItem\",\"position\":1,\"name\":\"Home\",\"item\":\"https:\\\/\\\/www.gwsp.edu.pl\\\/en\\\/\"},{\"@type\":\"ListItem\",\"position\":2,\"name\":\"Graduation Diploma\"}]},{\"@type\":\"WebSite\",\"@id\":\"https:\\\/\\\/www.gwsp.edu.pl\\\/#website\",\"url\":\"https:\\\/\\\/www.gwsp.edu.pl\\\/\",\"name\":\"Studia GWSP Chorz\u00f3w\",\"description\":\"GWSP Chorz\u00f3w, Katowice, \u015al\u0105sk\",\"publisher\":{\"@id\":\"https:\\\/\\\/www.gwsp.edu.pl\\\/#organization\"},\"potentialAction\":[{\"@type\":\"SearchAction\",\"target\":{\"@type\":\"EntryPoint\",\"urlTemplate\":\"https:\\\/\\\/www.gwsp.edu.pl\\\/?s={search_term_string}\"},\"query-input\":{\"@type\":\"PropertyValueSpecification\",\"valueRequired\":true,\"valueName\":\"search_term_string\"}}],\"inLanguage\":\"en-US\"},{\"@type\":\"Organization\",\"@id\":\"https:\\\/\\\/www.gwsp.edu.pl\\\/#organization\",\"name\":\"G\u00f3rno\u015bl\u0105ska Wy\u017csza Szko\u0142a Przedsi\u0119biorczo\u015bci im. Karola Goduli\",\"url\":\"https:\\\/\\\/www.gwsp.edu.pl\\\/\",\"logo\":{\"@type\":\"ImageObject\",\"inLanguage\":\"en-US\",\"@id\":\"https:\\\/\\\/www.gwsp.edu.pl\\\/#\\\/schema\\\/logo\\\/image\\\/\",\"url\":\"https:\\\/\\\/www.gwsp.edu.pl\\\/wp-content\\\/uploads\\\/2019\\\/03\\\/logo.png\",\"contentUrl\":\"https:\\\/\\\/www.gwsp.edu.pl\\\/wp-content\\\/uploads\\\/2019\\\/03\\\/logo.png\",\"width\":183,\"height\":95,\"caption\":\"G\u00f3rno\u015bl\u0105ska Wy\u017csza Szko\u0142a Przedsi\u0119biorczo\u015bci im. Karola Goduli\"},\"image\":{\"@id\":\"https:\\\/\\\/www.gwsp.edu.pl\\\/#\\\/schema\\\/logo\\\/image\\\/\"},\"sameAs\":[\"https:\\\/\\\/www.facebook.com\\\/gwspchorzow\\\/\"]}]}<\/script>\n<!-- \/ Yoast SEO plugin. -->","yoast_head_json":{"title":"Graduation Diploma - Studia GWSP Chorz\u00f3w","robots":{"index":"index","follow":"follow","max-snippet":"max-snippet:-1","max-image-preview":"max-image-preview:large","max-video-preview":"max-video-preview:-1"},"canonical":"https:\/\/www.gwsp.edu.pl\/en\/graduation-diploma\/","og_locale":"en_US","og_type":"article","og_title":"Graduation Diploma - Studia GWSP Chorz\u00f3w","og_description":"Specimens of graduation diplomas, methods of securing and issuing them In G\u00f3rno\u015bl\u0105ska Wy\u017csza Szko\u0142a Przedsi\u0119biorczo\u015bci im. Karol Godula, there is the following model of higher education diploma with security (available here), approved by Resolution No. 3\/2020\/2021 of the Senate of the Upper Silesian University of Entrepreneurship Karol Godula in Chorz\u00f3w on March 9, 2021. The [&hellip;]","og_url":"https:\/\/www.gwsp.edu.pl\/en\/graduation-diploma\/","og_site_name":"Studia GWSP Chorz\u00f3w","article_publisher":"https:\/\/www.facebook.com\/gwspchorzow\/","twitter_card":"summary_large_image","twitter_misc":{"Est. reading time":"1 minute"},"schema":{"@context":"https:\/\/schema.org","@graph":[{"@type":"WebPage","@id":"https:\/\/www.gwsp.edu.pl\/en\/graduation-diploma\/","url":"https:\/\/www.gwsp.edu.pl\/en\/graduation-diploma\/","name":"Graduation Diploma - Studia GWSP Chorz\u00f3w","isPartOf":{"@id":"https:\/\/www.gwsp.edu.pl\/#website"},"datePublished":"2022-04-12T20:01:04+00:00","breadcrumb":{"@id":"https:\/\/www.gwsp.edu.pl\/en\/graduation-diploma\/#breadcrumb"},"inLanguage":"en-US","potentialAction":[{"@type":"ReadAction","target":["https:\/\/www.gwsp.edu.pl\/en\/graduation-diploma\/"]}]},{"@type":"BreadcrumbList","@id":"https:\/\/www.gwsp.edu.pl\/en\/graduation-diploma\/#breadcrumb","itemListElement":[{"@type":"ListItem","position":1,"name":"Home","item":"https:\/\/www.gwsp.edu.pl\/en\/"},{"@type":"ListItem","position":2,"name":"Graduation Diploma"}]},{"@type":"WebSite","@id":"https:\/\/www.gwsp.edu.pl\/#website","url":"https:\/\/www.gwsp.edu.pl\/","name":"Studia GWSP Chorz\u00f3w","description":"GWSP Chorz\u00f3w, Katowice, \u015al\u0105sk","publisher":{"@id":"https:\/\/www.gwsp.edu.pl\/#organization"},"potentialAction":[{"@type":"SearchAction","target":{"@type":"EntryPoint","urlTemplate":"https:\/\/www.gwsp.edu.pl\/?s={search_term_string}"},"query-input":{"@type":"PropertyValueSpecification","valueRequired":true,"valueName":"search_term_string"}}],"inLanguage":"en-US"},{"@type":"Organization","@id":"https:\/\/www.gwsp.edu.pl\/#organization","name":"G\u00f3rno\u015bl\u0105ska Wy\u017csza Szko\u0142a Przedsi\u0119biorczo\u015bci im. Karola Goduli","url":"https:\/\/www.gwsp.edu.pl\/","logo":{"@type":"ImageObject","inLanguage":"en-US","@id":"https:\/\/www.gwsp.edu.pl\/#\/schema\/logo\/image\/","url":"https:\/\/www.gwsp.edu.pl\/wp-content\/uploads\/2019\/03\/logo.png","contentUrl":"https:\/\/www.gwsp.edu.pl\/wp-content\/uploads\/2019\/03\/logo.png","width":183,"height":95,"caption":"G\u00f3rno\u015bl\u0105ska Wy\u017csza Szko\u0142a Przedsi\u0119biorczo\u015bci im. Karola Goduli"},"image":{"@id":"https:\/\/www.gwsp.edu.pl\/#\/schema\/logo\/image\/"},"sameAs":["https:\/\/www.facebook.com\/gwspchorzow\/"]}]}},"_links":{"self":[{"href":"https:\/\/www.gwsp.edu.pl\/en\/wp-json\/wp\/v2\/pages\/4686","targetHints":{"allow":["GET"]}}],"collection":[{"href":"https:\/\/www.gwsp.edu.pl\/en\/wp-json\/wp\/v2\/pages"}],"about":[{"href":"https:\/\/www.gwsp.edu.pl\/en\/wp-json\/wp\/v2\/types\/page"}],"author":[{"embeddable":true,"href":"https:\/\/www.gwsp.edu.pl\/en\/wp-json\/wp\/v2\/users\/2"}],"replies":[{"embeddable":true,"href":"https:\/\/www.gwsp.edu.pl\/en\/wp-json\/wp\/v2\/comments?post=4686"}],"version-history":[{"count":1,"href":"https:\/\/www.gwsp.edu.pl\/en\/wp-json\/wp\/v2\/pages\/4686\/revisions"}],"predecessor-version":[{"id":4687,"href":"https:\/\/www.gwsp.edu.pl\/en\/wp-json\/wp\/v2\/pages\/4686\/revisions\/4687"}],"wp:attachment":[{"href":"https:\/\/www.gwsp.edu.pl\/en\/wp-json\/wp\/v2\/media?parent=4686"}],"curies":[{"name":"wp","href":"https:\/\/api.w.org\/{rel}","templated":true}]}}