{"id":4683,"date":"2022-04-12T21:58:12","date_gmt":"2022-04-12T19:58:12","guid":{"rendered":"https:\/\/www.gwsp.edu.pl\/?page_id=4683"},"modified":"2022-04-12T21:58:12","modified_gmt":"2022-04-12T19:58:12","slug":"office-of-cooperation-and-projects","status":"publish","type":"page","link":"https:\/\/www.gwsp.edu.pl\/en\/office-of-cooperation-and-projects\/","title":{"rendered":"Office of cooperation and projects"},"content":{"rendered":"<p>Upper Silesian University of Entrepreneurship Karola Goduli in Chorz\u00f3w implemented projects co-financed by the ESF under the Human Capital Operational Program and the Knowledge Education Development Operational Program:<\/p>\n<p><strong>Firma Symulacyjna \u2013 Rzeczywiste Kompetencje<\/strong> (<a href=\"http:\/\/www.firmasymulacyjna.gwsp.edu.pl\/\">www.firmasymulacyjna.gwsp.edu.pl<\/a>), which, after the commission&#8217;s evaluation, came second on the ranking list! implemented under sub-measure 9.1.2. POKL &#8220;Equalizing educational opportunities for students from groups with difficult access to education and reducing the differences in the quality of educational services&#8221;.<\/p>\n<p><strong>Mam Zaw\u00f3d \u2013 Mam Prac\u0119!<\/strong> (<a href=\"http:\/\/www.mamzawod.gwsp.edu.pl\/\">www.mamzawod.gwsp.edu.pl<\/a>) (measure 9.2 POKL), which was among the top ten projects for co-financing. The main goal of the project was to strengthen the students&#8217; ability for future employment by preparing them to become a qualified employee and \/ or entrepreneur at a later date.<\/p>\n<p><strong>Partnerstwo, kreatywno\u015b\u0107 i\u00a0kompetencje d\u017awigni\u0105 zmian w\u00a0mie\u015bcie postindustrialnym. Od badania do dzia\u0142ania.<\/strong> From research to action. &#8211; (measure 8.1.2 POKL) &#8211; project carried out together with Centrum Przedsi\u0119biorczo\u015bci sp.z o.o. in Chorz\u00f3w and the County Employment Office in Chorz\u00f3w. The aim of the project was to create conditions for the structural changes of the city of Chorz\u00f3w combined with a change in the profile of local enterprises.<\/p>\n<p><strong>\u015al\u0105skie Manufaktury Przemys\u0142\u00f3w Kultury<\/strong> &#8211; (Measure 6.2 of the HCOP) &#8211; the project was addressed to people who wanted to open their own companies in the cultural industries sector, using the financial support of the European Union &#8211; non-returnable investment subsidy up to PLN 40,000 PLN to start a business. The project&#8217;s partner was the Regional Chamber of Commerce in Katowice. (www.manufakturykultury.gwsp.edu.pl).<\/p>\n<p><strong>M\u0142odzie\u017cowa Akademia Rozwoju (POWER)<\/strong> (<a href=\"http:\/\/www.mar.gwsp.edu.pl\">www.mar.gwsp.edu.pl<\/a>) &#8211; a project aimed at 1,000 students of primary and secondary schools (upper secondary) over 13 years of age. from the \u015al\u0105skie Voivodeship, including 2% of people with disabilities who do not have a high school diploma, and at the same time show a willingness to develop their knowledge and broaden their horizons, including the willingness to participate in informal forms of learning.<\/p>\n<p>Upper Silesian University of Entrepreneurship Karola Goduli in Chorz\u00f3w has also completed a project entitled <strong>\u201eRemont oraz wyposa\u017cenie obiekt\u00f3w dydaktycznych wraz z zagospodarowaniem otoczenia oraz budow\u0105 obiektu sportowego G\u00f3rno\u015bl\u0105skiej Wy\u017cszej Szko\u0142y Przedsi\u0119biorczo\u015bci im. Karola Goduli w Chorzowie\u201d\u00a0<\/strong>under the Regional Operational Program of the Silesian Voivodeship for the years 2007-2013, priority VIII Educational infrastructure, measures 8.1 Infrastructure of higher education. The subject of the project was the renovation of didactic buildings A and B making up the campus of the Upper Silesian University of Entrepreneurship Karol Goduli in Chorz\u00f3w at ul. Rac\u0142awicka 23 and 21, and the purchase of equipment for the needs of computer labs, laboratories and classrooms, as well as the library.<\/p>\n","protected":false},"excerpt":{"rendered":"<p>Upper Silesian University of Entrepreneurship Karola Goduli in Chorz\u00f3w implemented projects co-financed by the ESF under the Human Capital Operational Program and the Knowledge Education Development Operational Program: Firma Symulacyjna \u2013 Rzeczywiste Kompetencje (www.firmasymulacyjna.gwsp.edu.pl), which, after the commission&#8217;s evaluation, came second on the ranking list! implemented under sub-measure 9.1.2. POKL &#8220;Equalizing educational opportunities for students [&hellip;]<\/p>\n","protected":false},"author":2,"featured_media":0,"parent":0,"menu_order":59,"comment_status":"closed","ping_status":"closed","template":"","meta":{"_acf_changed":false,"footnotes":""},"class_list":["post-4683","page","type-page","status-publish","hentry"],"acf":[],"yoast_head":"<!-- This site is optimized with the Yoast SEO plugin v27.3 - https:\/\/yoast.com\/product\/yoast-seo-wordpress\/ -->\n<title>Office of cooperation and projects - Studia GWSP Chorz\u00f3w<\/title>\n<meta name=\"robots\" content=\"index, follow, max-snippet:-1, max-image-preview:large, max-video-preview:-1\" \/>\n<link rel=\"canonical\" href=\"https:\/\/www.gwsp.edu.pl\/en\/office-of-cooperation-and-projects\/\" \/>\n<meta property=\"og:locale\" content=\"en_US\" \/>\n<meta property=\"og:type\" content=\"article\" \/>\n<meta property=\"og:title\" content=\"Office of cooperation and projects - Studia GWSP Chorz\u00f3w\" \/>\n<meta property=\"og:description\" content=\"Upper Silesian University of Entrepreneurship Karola Goduli in Chorz\u00f3w implemented projects co-financed by the ESF under the Human Capital Operational Program and the Knowledge Education Development Operational Program: Firma Symulacyjna \u2013 Rzeczywiste Kompetencje (www.firmasymulacyjna.gwsp.edu.pl), which, after the commission&#8217;s evaluation, came second on the ranking list! implemented under sub-measure 9.1.2. POKL &#8220;Equalizing educational opportunities for students [&hellip;]\" \/>\n<meta property=\"og:url\" content=\"https:\/\/www.gwsp.edu.pl\/en\/office-of-cooperation-and-projects\/\" \/>\n<meta property=\"og:site_name\" content=\"Studia GWSP Chorz\u00f3w\" \/>\n<meta property=\"article:publisher\" content=\"https:\/\/www.facebook.com\/gwspchorzow\/\" \/>\n<meta name=\"twitter:card\" content=\"summary_large_image\" \/>\n<meta name=\"twitter:label1\" content=\"Est. reading time\" \/>\n\t<meta name=\"twitter:data1\" content=\"2 minutes\" \/>\n<script type=\"application\/ld+json\" class=\"yoast-schema-graph\">{\"@context\":\"https:\\\/\\\/schema.org\",\"@graph\":[{\"@type\":\"WebPage\",\"@id\":\"https:\\\/\\\/www.gwsp.edu.pl\\\/en\\\/office-of-cooperation-and-projects\\\/\",\"url\":\"https:\\\/\\\/www.gwsp.edu.pl\\\/en\\\/office-of-cooperation-and-projects\\\/\",\"name\":\"Office of cooperation and projects - Studia GWSP Chorz\u00f3w\",\"isPartOf\":{\"@id\":\"https:\\\/\\\/www.gwsp.edu.pl\\\/#website\"},\"datePublished\":\"2022-04-12T19:58:12+00:00\",\"breadcrumb\":{\"@id\":\"https:\\\/\\\/www.gwsp.edu.pl\\\/en\\\/office-of-cooperation-and-projects\\\/#breadcrumb\"},\"inLanguage\":\"en-US\",\"potentialAction\":[{\"@type\":\"ReadAction\",\"target\":[\"https:\\\/\\\/www.gwsp.edu.pl\\\/en\\\/office-of-cooperation-and-projects\\\/\"]}]},{\"@type\":\"BreadcrumbList\",\"@id\":\"https:\\\/\\\/www.gwsp.edu.pl\\\/en\\\/office-of-cooperation-and-projects\\\/#breadcrumb\",\"itemListElement\":[{\"@type\":\"ListItem\",\"position\":1,\"name\":\"Home\",\"item\":\"https:\\\/\\\/www.gwsp.edu.pl\\\/en\\\/\"},{\"@type\":\"ListItem\",\"position\":2,\"name\":\"Office of cooperation and projects\"}]},{\"@type\":\"WebSite\",\"@id\":\"https:\\\/\\\/www.gwsp.edu.pl\\\/#website\",\"url\":\"https:\\\/\\\/www.gwsp.edu.pl\\\/\",\"name\":\"Studia GWSP Chorz\u00f3w\",\"description\":\"GWSP Chorz\u00f3w, Katowice, \u015al\u0105sk\",\"publisher\":{\"@id\":\"https:\\\/\\\/www.gwsp.edu.pl\\\/#organization\"},\"potentialAction\":[{\"@type\":\"SearchAction\",\"target\":{\"@type\":\"EntryPoint\",\"urlTemplate\":\"https:\\\/\\\/www.gwsp.edu.pl\\\/?s={search_term_string}\"},\"query-input\":{\"@type\":\"PropertyValueSpecification\",\"valueRequired\":true,\"valueName\":\"search_term_string\"}}],\"inLanguage\":\"en-US\"},{\"@type\":\"Organization\",\"@id\":\"https:\\\/\\\/www.gwsp.edu.pl\\\/#organization\",\"name\":\"G\u00f3rno\u015bl\u0105ska Wy\u017csza Szko\u0142a Przedsi\u0119biorczo\u015bci im. Karola Goduli\",\"url\":\"https:\\\/\\\/www.gwsp.edu.pl\\\/\",\"logo\":{\"@type\":\"ImageObject\",\"inLanguage\":\"en-US\",\"@id\":\"https:\\\/\\\/www.gwsp.edu.pl\\\/#\\\/schema\\\/logo\\\/image\\\/\",\"url\":\"https:\\\/\\\/www.gwsp.edu.pl\\\/wp-content\\\/uploads\\\/2019\\\/03\\\/logo.png\",\"contentUrl\":\"https:\\\/\\\/www.gwsp.edu.pl\\\/wp-content\\\/uploads\\\/2019\\\/03\\\/logo.png\",\"width\":183,\"height\":95,\"caption\":\"G\u00f3rno\u015bl\u0105ska Wy\u017csza Szko\u0142a Przedsi\u0119biorczo\u015bci im. Karola Goduli\"},\"image\":{\"@id\":\"https:\\\/\\\/www.gwsp.edu.pl\\\/#\\\/schema\\\/logo\\\/image\\\/\"},\"sameAs\":[\"https:\\\/\\\/www.facebook.com\\\/gwspchorzow\\\/\"]}]}<\/script>\n<!-- \/ Yoast SEO plugin. -->","yoast_head_json":{"title":"Office of cooperation and projects - Studia GWSP Chorz\u00f3w","robots":{"index":"index","follow":"follow","max-snippet":"max-snippet:-1","max-image-preview":"max-image-preview:large","max-video-preview":"max-video-preview:-1"},"canonical":"https:\/\/www.gwsp.edu.pl\/en\/office-of-cooperation-and-projects\/","og_locale":"en_US","og_type":"article","og_title":"Office of cooperation and projects - Studia GWSP Chorz\u00f3w","og_description":"Upper Silesian University of Entrepreneurship Karola Goduli in Chorz\u00f3w implemented projects co-financed by the ESF under the Human Capital Operational Program and the Knowledge Education Development Operational Program: Firma Symulacyjna \u2013 Rzeczywiste Kompetencje (www.firmasymulacyjna.gwsp.edu.pl), which, after the commission&#8217;s evaluation, came second on the ranking list! implemented under sub-measure 9.1.2. POKL &#8220;Equalizing educational opportunities for students [&hellip;]","og_url":"https:\/\/www.gwsp.edu.pl\/en\/office-of-cooperation-and-projects\/","og_site_name":"Studia GWSP Chorz\u00f3w","article_publisher":"https:\/\/www.facebook.com\/gwspchorzow\/","twitter_card":"summary_large_image","twitter_misc":{"Est. reading time":"2 minutes"},"schema":{"@context":"https:\/\/schema.org","@graph":[{"@type":"WebPage","@id":"https:\/\/www.gwsp.edu.pl\/en\/office-of-cooperation-and-projects\/","url":"https:\/\/www.gwsp.edu.pl\/en\/office-of-cooperation-and-projects\/","name":"Office of cooperation and projects - Studia GWSP Chorz\u00f3w","isPartOf":{"@id":"https:\/\/www.gwsp.edu.pl\/#website"},"datePublished":"2022-04-12T19:58:12+00:00","breadcrumb":{"@id":"https:\/\/www.gwsp.edu.pl\/en\/office-of-cooperation-and-projects\/#breadcrumb"},"inLanguage":"en-US","potentialAction":[{"@type":"ReadAction","target":["https:\/\/www.gwsp.edu.pl\/en\/office-of-cooperation-and-projects\/"]}]},{"@type":"BreadcrumbList","@id":"https:\/\/www.gwsp.edu.pl\/en\/office-of-cooperation-and-projects\/#breadcrumb","itemListElement":[{"@type":"ListItem","position":1,"name":"Home","item":"https:\/\/www.gwsp.edu.pl\/en\/"},{"@type":"ListItem","position":2,"name":"Office of cooperation and projects"}]},{"@type":"WebSite","@id":"https:\/\/www.gwsp.edu.pl\/#website","url":"https:\/\/www.gwsp.edu.pl\/","name":"Studia GWSP Chorz\u00f3w","description":"GWSP Chorz\u00f3w, Katowice, \u015al\u0105sk","publisher":{"@id":"https:\/\/www.gwsp.edu.pl\/#organization"},"potentialAction":[{"@type":"SearchAction","target":{"@type":"EntryPoint","urlTemplate":"https:\/\/www.gwsp.edu.pl\/?s={search_term_string}"},"query-input":{"@type":"PropertyValueSpecification","valueRequired":true,"valueName":"search_term_string"}}],"inLanguage":"en-US"},{"@type":"Organization","@id":"https:\/\/www.gwsp.edu.pl\/#organization","name":"G\u00f3rno\u015bl\u0105ska Wy\u017csza Szko\u0142a Przedsi\u0119biorczo\u015bci im. Karola Goduli","url":"https:\/\/www.gwsp.edu.pl\/","logo":{"@type":"ImageObject","inLanguage":"en-US","@id":"https:\/\/www.gwsp.edu.pl\/#\/schema\/logo\/image\/","url":"https:\/\/www.gwsp.edu.pl\/wp-content\/uploads\/2019\/03\/logo.png","contentUrl":"https:\/\/www.gwsp.edu.pl\/wp-content\/uploads\/2019\/03\/logo.png","width":183,"height":95,"caption":"G\u00f3rno\u015bl\u0105ska Wy\u017csza Szko\u0142a Przedsi\u0119biorczo\u015bci im. Karola Goduli"},"image":{"@id":"https:\/\/www.gwsp.edu.pl\/#\/schema\/logo\/image\/"},"sameAs":["https:\/\/www.facebook.com\/gwspchorzow\/"]}]}},"_links":{"self":[{"href":"https:\/\/www.gwsp.edu.pl\/en\/wp-json\/wp\/v2\/pages\/4683","targetHints":{"allow":["GET"]}}],"collection":[{"href":"https:\/\/www.gwsp.edu.pl\/en\/wp-json\/wp\/v2\/pages"}],"about":[{"href":"https:\/\/www.gwsp.edu.pl\/en\/wp-json\/wp\/v2\/types\/page"}],"author":[{"embeddable":true,"href":"https:\/\/www.gwsp.edu.pl\/en\/wp-json\/wp\/v2\/users\/2"}],"replies":[{"embeddable":true,"href":"https:\/\/www.gwsp.edu.pl\/en\/wp-json\/wp\/v2\/comments?post=4683"}],"version-history":[{"count":1,"href":"https:\/\/www.gwsp.edu.pl\/en\/wp-json\/wp\/v2\/pages\/4683\/revisions"}],"predecessor-version":[{"id":4684,"href":"https:\/\/www.gwsp.edu.pl\/en\/wp-json\/wp\/v2\/pages\/4683\/revisions\/4684"}],"wp:attachment":[{"href":"https:\/\/www.gwsp.edu.pl\/en\/wp-json\/wp\/v2\/media?parent=4683"}],"curies":[{"name":"wp","href":"https:\/\/api.w.org\/{rel}","templated":true}]}}